{"id":603,"date":"2025-06-01T10:19:11","date_gmt":"2025-06-01T10:19:11","guid":{"rendered":"https:\/\/www.progogle.pl\/?post_type=product&#038;p=603"},"modified":"2026-05-12T18:09:40","modified_gmt":"2026-05-12T18:09:40","slug":"szybka-scott-prospect-przezroczysta","status":"publish","type":"product","link":"https:\/\/www.progogle.pl\/en\/product\/szybka-scott-prospect-przezroczysta\/","title":{"rendered":"Scott Prospect Clear Lens"},"content":{"rendered":"<h2 data-start=\"115\" data-end=\"547\">Scott Prospect Clear Lens<\/h2>\n<p data-start=\"115\" data-end=\"547\">Wysokiej jako\u015bci zamiennik do gogli Scott, zapewniaj\u0105cy maksymaln\u0105 widoczno\u015b\u0107 i ochron\u0119 podczas jazdy w ka\u017cdych warunkach. Wykonana z wytrzyma\u0142ego tworzywa, skutecznie chroni oczy przed kurzem, b\u0142otem i wiatrem, nie zniekszta\u0142caj\u0105c obrazu. Idealna dla motocyklist\u00f3w ceni\u0105cych bezpiecze\u0144stwo i komfort widzenia. Monta\u017c szybki jest prosty i szybki, co pozwala na sprawn\u0105 wymian\u0119 nawet w terenie.<\/p>\n<p data-start=\"1465\" data-end=\"1634\">More information about the brand can be found at\u00a0<a href=\"https:\/\/ripnroll.co.uk\/\" target=\"_blank\" rel=\"noopener\">official website<\/a>\u00a0Rip N Roll.<\/p>\n<p data-start=\"1465\" data-end=\"1634\">Check also\u00a0<a href=\"https:\/\/www.progogle.pl\/en\/right-sidebar\/\" target=\"_blank\" rel=\"noopener\">other products<\/a>\u00a0available in our store.<\/p>","protected":false},"excerpt":{"rendered":"<ul data-start=\"593\" data-end=\"829\">\n<li data-start=\"593\" data-end=\"641\">\n<p data-start=\"595\" data-end=\"641\">Przezroczysta szybka do gogli Scott Prospect<\/p>\n<\/li>\n<li data-start=\"642\" data-end=\"684\">\n<p data-start=\"644\" data-end=\"684\">Gwarantuje czysty i niezak\u0142\u00f3cony obraz<\/p>\n<\/li>\n<li data-start=\"685\" data-end=\"735\">\n<p data-start=\"687\" data-end=\"735\">Odporna na zarysowania i warunki atmosferyczne<\/p>\n<\/li>\n<li data-start=\"736\" data-end=\"783\">\n<p data-start=\"738\" data-end=\"783\">\u0141atwy monta\u017c \u2013 idealna na zawody i treningi<\/p>\n<\/li>\n<li data-start=\"784\" data-end=\"829\">\n<p data-start=\"786\" data-end=\"829\">Oryginalny kszta\u0142t \u2013 pe\u0142na kompatybilno\u015b\u0107<\/p>\n<\/li>\n<\/ul>\n<p><strong>\ud83d\udce6<\/strong><strong> What you get:<\/strong><\/p>\n<ul>\n<li>1 glass included<\/li>\n<li>New product, factory-packed<\/li>\n<\/ul>","protected":false},"featured_media":798,"comment_status":"open","ping_status":"closed","template":"","meta":[],"product_brand":[30],"product_cat":[25],"product_tag":[],"class_list":{"0":"post-603","1":"product","2":"type-product","3":"status-publish","4":"has-post-thumbnail","6":"product_brand-rip-n-roll","7":"product_cat-scott","9":"first","10":"instock","11":"shipping-taxable","12":"purchasable","13":"product-type-simple"},"_links":{"self":[{"href":"https:\/\/www.progogle.pl\/en\/wp-json\/wp\/v2\/product\/603","targetHints":{"allow":["GET"]}}],"collection":[{"href":"https:\/\/www.progogle.pl\/en\/wp-json\/wp\/v2\/product"}],"about":[{"href":"https:\/\/www.progogle.pl\/en\/wp-json\/wp\/v2\/types\/product"}],"replies":[{"embeddable":true,"href":"https:\/\/www.progogle.pl\/en\/wp-json\/wp\/v2\/comments?post=603"}],"wp:featuredmedia":[{"embeddable":true,"href":"https:\/\/www.progogle.pl\/en\/wp-json\/wp\/v2\/media\/798"}],"wp:attachment":[{"href":"https:\/\/www.progogle.pl\/en\/wp-json\/wp\/v2\/media?parent=603"}],"wp:term":[{"taxonomy":"product_brand","embeddable":true,"href":"https:\/\/www.progogle.pl\/en\/wp-json\/wp\/v2\/product_brand?post=603"},{"taxonomy":"product_cat","embeddable":true,"href":"https:\/\/www.progogle.pl\/en\/wp-json\/wp\/v2\/product_cat?post=603"},{"taxonomy":"product_tag","embeddable":true,"href":"https:\/\/www.progogle.pl\/en\/wp-json\/wp\/v2\/product_tag?post=603"}],"curies":[{"name":"wp","href":"https:\/\/api.w.org\/{rel}","templated":true}]}}