{"id":1039,"date":"2026-02-20T09:38:35","date_gmt":"2026-02-20T09:38:35","guid":{"rendered":"https:\/\/www.progogle.pl\/produkt\/gogle-rip-n-roll-colossus-mx-wvs-biale\/"},"modified":"2026-02-20T12:08:03","modified_gmt":"2026-02-20T12:08:03","slug":"gogle-rip-n-roll-colossus-mx-wvs-biale","status":"publish","type":"product","link":"https:\/\/www.progogle.pl\/en\/product\/gogle-rip-n-roll-colossus-mx-wvs-biale\/","title":{"rendered":"Rip N Roll Colossus MX WVS Goggles White"},"content":{"rendered":"<p>The Wide Vision System (WVS) combines roll-off and tear-off in one solution, ensuring maximum visibility in all conditions. The lens is made of durable Lexan with an anti-shatter coating on the outside and an anti-fog coating on the inside.<\/p>\n<p>The glass features raised strips to reduce film tension and 48mm V.2 roll-off containers with built-in tear-off holders. The WVS 48mm system is the largest roll-off system on the market\u2014each roll is at least 8 meters long.<\/p>\n<p><strong>What you get:<\/strong><\/p>\n<ul>\n<li>\u2705 10 Colossus tear-offs<\/li>\n<li>\u2705 Soft storage bag<\/li>\n<li>\u2705 Lexan Anti-Fog, Anti-Scratch, Impact-Resistant Lens<\/li>\n<li>\u2705 Adjustable anti-slip silicone strap<\/li>\n<li>\u2705 Mud Visor strip protects against mud<\/li>\n<\/ul>\n<p>New product, factory-sealed. Made in Great Britain (Rip N Roll Ltd).<\/p>","protected":false},"excerpt":{"rendered":"<p>Gogle Rip N Roll Colossus MX z systemem Wide Vision System (WVS) \u2014 \u0142\u0105czy roll-off i tear-off w jednym. Najwi\u0119kszy system roll-off na rynku (48mm). Produkcja: UK. Kolor: bia\u0142y.<\/p>","protected":false},"featured_media":1080,"comment_status":"open","ping_status":"closed","template":"","meta":[],"product_brand":[30],"product_cat":[44],"product_tag":[],"class_list":{"0":"post-1039","1":"product","2":"type-product","3":"status-publish","4":"has-post-thumbnail","6":"product_brand-rip-n-roll","7":"product_cat-rip-n-roll-gogle-mx-9","9":"first","10":"outofstock","11":"shipping-taxable","12":"purchasable","13":"product-type-simple"},"_links":{"self":[{"href":"https:\/\/www.progogle.pl\/en\/wp-json\/wp\/v2\/product\/1039","targetHints":{"allow":["GET"]}}],"collection":[{"href":"https:\/\/www.progogle.pl\/en\/wp-json\/wp\/v2\/product"}],"about":[{"href":"https:\/\/www.progogle.pl\/en\/wp-json\/wp\/v2\/types\/product"}],"replies":[{"embeddable":true,"href":"https:\/\/www.progogle.pl\/en\/wp-json\/wp\/v2\/comments?post=1039"}],"wp:featuredmedia":[{"embeddable":true,"href":"https:\/\/www.progogle.pl\/en\/wp-json\/wp\/v2\/media\/1080"}],"wp:attachment":[{"href":"https:\/\/www.progogle.pl\/en\/wp-json\/wp\/v2\/media?parent=1039"}],"wp:term":[{"taxonomy":"product_brand","embeddable":true,"href":"https:\/\/www.progogle.pl\/en\/wp-json\/wp\/v2\/product_brand?post=1039"},{"taxonomy":"product_cat","embeddable":true,"href":"https:\/\/www.progogle.pl\/en\/wp-json\/wp\/v2\/product_cat?post=1039"},{"taxonomy":"product_tag","embeddable":true,"href":"https:\/\/www.progogle.pl\/en\/wp-json\/wp\/v2\/product_tag?post=1039"}],"curies":[{"name":"wp","href":"https:\/\/api.w.org\/{rel}","templated":true}]}}